{"id":576,"date":"2014-01-20T16:25:11","date_gmt":"2014-01-20T15:25:11","guid":{"rendered":"http:\/\/www.bbdanceagency.com\/preprod\/references-2\/"},"modified":"2020-05-14T08:53:58","modified_gmt":"2020-05-14T07:53:58","slug":"references-old","status":"publish","type":"page","link":"https:\/\/www.bbdanceagency.com\/en\/references-old\/","title":{"rendered":"References"},"content":{"rendered":"<div id=\"references\">\n<div class=\"ref\">\n\t\t<img decoding=\"async\" src=\"http:\/\/www.bbdanceagency.com\/wp-content\/uploads\/2014\/01\/ref01.jpg\" \/>\n\t<\/div>\n<div class=\"ref\">\n\t\t<img decoding=\"async\" loading=\"lazy\" alt=\"ref2\" class=\"alignnone size-full wp-image-2761\" height=\"142\" src=\"http:\/\/www.bbdanceagency.com\/wp-content\/uploads\/2014\/01\/ref2.png\" width=\"142\" \/>\n\t<\/div>\n<div class=\"ref\">\n\t\t<img decoding=\"async\" src=\"http:\/\/www.bbdanceagency.com\/wp-content\/uploads\/2014\/01\/ref03.jpg\" \/>\n\t<\/div>\n<div class=\"ref\">\n\t\t<img decoding=\"async\" loading=\"lazy\" alt=\"1781926_412281772258277_5013641511887989238_n\" class=\"alignnone size-full wp-image-1860\" height=\"142\" src=\"http:\/\/www.bbdanceagency.com\/wp-content\/uploads\/2014\/01\/1781926_412281772258277_5013641511887989238_n.jpg\" width=\"142\" \/>\n\t<\/div>\n<div class=\"ref\">\n\t\t<img decoding=\"async\" src=\"http:\/\/www.bbdanceagency.com\/wp-content\/uploads\/2014\/09\/suzuki.jpg\" \/>\n\t<\/div>\n<div class=\"ref\">\n\t\t<img decoding=\"async\" src=\"http:\/\/www.bbdanceagency.com\/wp-content\/uploads\/2014\/01\/ref06.jpg\" \/>\n\t<\/div>\n<div class=\"ref\">\n\t\t<img decoding=\"async\" src=\"http:\/\/www.bbdanceagency.com\/wp-content\/uploads\/2014\/01\/ref14.jpg\" \/>\n\t<\/div>\n<div class=\"ref\">\n\t\t<img decoding=\"async\" src=\"http:\/\/www.bbdanceagency.com\/wp-content\/uploads\/2014\/01\/ref07.jpg\" \/>\n\t<\/div>\n<div class=\"ref\">\n\t\t<img decoding=\"async\" src=\"http:\/\/www.bbdanceagency.com\/wp-content\/uploads\/2014\/01\/ref09.jpg\" \/>\n\t<\/div>\n<div class=\"ref\">\n\t\t<img decoding=\"async\" src=\"http:\/\/www.bbdanceagency.com\/wp-content\/uploads\/2014\/01\/ref11.jpg\" \/>\n\t<\/div>\n<div class=\"ref\">\n\t\t<img decoding=\"async\" loading=\"lazy\" alt=\"veuve_resize\" class=\"alignnone size-full wp-image-2276\" height=\"142\" src=\"http:\/\/www.bbdanceagency.com\/wp-content\/uploads\/2014\/01\/veuve_resize.jpg\" width=\"142\" \/>\n\t<\/div>\n<div class=\"ref\">\n\t\t<img decoding=\"async\" loading=\"lazy\" alt=\"Cirque_resize\" class=\"alignnone size-full wp-image-2274\" height=\"142\" src=\"http:\/\/www.bbdanceagency.com\/wp-content\/uploads\/2014\/01\/Cirque_resize.jpg\" width=\"142\" \/>\n\t<\/div>\n<div class=\"ref\">\n\t\t<img decoding=\"async\" loading=\"lazy\" alt=\"glossip_resize\" class=\"alignnone size-full wp-image-2275\" height=\"142\" src=\"http:\/\/www.bbdanceagency.com\/wp-content\/uploads\/2014\/01\/glossip_resize.jpg\" width=\"142\" \/>\n\t<\/div>\n<div class=\"ref\">\n\t\t<img decoding=\"async\" src=\"http:\/\/www.bbdanceagency.com\/wp-content\/uploads\/2014\/03\/ref16.jpg\" \/>\n\t<\/div>\n<div class=\"ref\">\n\t\t<img decoding=\"async\" src=\"http:\/\/www.bbdanceagency.com\/wp-content\/uploads\/2014\/01\/four-seasons.jpg\" style=\"width: 142px; height: 142px;\" \/><a href=\"http:\/\/www.bbdanceagency.com\/wp-content\/uploads\/2014\/01\/Cirque_resize.jpg\"> <\/a>\n\t<\/div>\n<div class=\"ref\">\n\t\t<img decoding=\"async\" src=\"http:\/\/www.bbdanceagency.com\/wp-content\/uploads\/2014\/01\/sixt.jpg\" style=\"width: 142px; height: 142px;\" \/>\n\t<\/div>\n<div class=\"ref\">\n\t\t<img decoding=\"async\" src=\"http:\/\/www.bbdanceagency.com\/wp-content\/uploads\/2014\/01\/crazy-horse.jpg\" style=\"width: 142px; height: 142px;\" \/>\n\t<\/div>\n<div class=\"ref\">\n\t\t<img decoding=\"async\" src=\"http:\/\/www.bbdanceagency.com\/wp-content\/uploads\/2014\/01\/sony-music.jpg\" style=\"width: 142px; height: 142px;\" \/>\n\t<\/div>\n<div class=\"ref\">\n\t\t<img decoding=\"async\" src=\"http:\/\/www.bbdanceagency.com\/wp-content\/uploads\/2014\/01\/vinci.jpg\" style=\"width: 142px; height: 142px;\" \/>\n\t<\/div>\n<div class=\"ref\">\n\t\t<img decoding=\"async\" loading=\"lazy\" alt=\"ref\" class=\"alignnone size-full wp-image-2759\" height=\"142\" src=\"http:\/\/www.bbdanceagency.com\/wp-content\/uploads\/2014\/01\/ref.png\" width=\"142\" \/>\n\t<\/div>\n<div class=\"ref\">\n\t\t<img decoding=\"async\" loading=\"lazy\" alt=\"ref2017-07\" class=\"alignnone size-full wp-image-2899\" height=\"142\" src=\"http:\/\/www.bbdanceagency.com\/wp-content\/uploads\/2014\/01\/ref2017-07.png\" width=\"142\" \/>\n\t<\/div>\n<div class=\"ref\">\n\t\t<img decoding=\"async\" loading=\"lazy\" alt=\"ref2017-08\" class=\"alignnone size-medium wp-image-2900\" height=\"142\" src=\"http:\/\/www.bbdanceagency.com\/wp-content\/uploads\/2014\/01\/ref2017-08.jpg\" width=\"142\" \/>\n\t<\/div>\n<div class=\"ref\">\n\t\t<img decoding=\"async\" loading=\"lazy\" alt=\"ref2017-09\" class=\"alignnone size-medium wp-image-2901\" height=\"142\" src=\"http:\/\/www.bbdanceagency.com\/wp-content\/uploads\/2014\/01\/ref2017-09.png\" width=\"142\" \/>\n\t<\/div>\n<div class=\"ref\">\n\t\t<img decoding=\"async\" loading=\"lazy\" alt=\"ref2017-01\" class=\"alignnone size-medium wp-image-2902\" height=\"142\" src=\"http:\/\/www.bbdanceagency.com\/wp-content\/uploads\/2014\/01\/ref2017-01.jpg\" width=\"142\" \/>\n\t<\/div>\n<div class=\"ref\">\n\t\t<img decoding=\"async\" loading=\"lazy\" alt=\"ref2017-02\" class=\"alignnone size-medium wp-image-2903\" height=\"142\" src=\"http:\/\/www.bbdanceagency.com\/wp-content\/uploads\/2014\/01\/ref2017-02.png\" width=\"142\" \/>\n\t<\/div>\n<div class=\"ref\">\n\t\t<img decoding=\"async\" loading=\"lazy\" alt=\"ref2017-03\" class=\"alignnone size-medium wp-image-2904\" height=\"142\" src=\"http:\/\/www.bbdanceagency.com\/wp-content\/uploads\/2014\/01\/ref2017-03.png\" width=\"142\" \/>\n\t<\/div>\n<div class=\"ref\">\n\t\t<img decoding=\"async\" loading=\"lazy\" alt=\"ref2017-04\" class=\"alignnone size-medium wp-image-2905\" height=\"142\" src=\"http:\/\/www.bbdanceagency.com\/wp-content\/uploads\/2014\/01\/ref2017-04.jpg\" width=\"142\" \/>\n\t<\/div>\n<div class=\"ref\">\n\t\t<img decoding=\"async\" loading=\"lazy\" alt=\"ref2017-05\" class=\"alignnone size-medium wp-image-2906\" height=\"142\" src=\"http:\/\/www.bbdanceagency.com\/wp-content\/uploads\/2014\/01\/ref2017-05.png\" width=\"142\" \/>\n\t<\/div>\n<div class=\"ref\">\n\t\t<img decoding=\"async\" loading=\"lazy\" alt=\"ref2017-06\" class=\"alignnone size-medium wp-image-2907\" height=\"142\" src=\"http:\/\/www.bbdanceagency.com\/wp-content\/uploads\/2014\/01\/ref2017-06.jpg\" width=\"142\" \/>\n\t<\/div>\n<\/div>\n<p>\n\t&nbsp;<\/p>\n","protected":false},"excerpt":{"rendered":"<p>&nbsp;<\/p>\n","protected":false},"author":2,"featured_media":0,"parent":0,"menu_order":0,"comment_status":"open","ping_status":"closed","template":"template-type.php","meta":{"footnotes":""},"acf":[],"yoast_head":"<!-- This site is optimized with the Yoast SEO plugin v21.0 - https:\/\/yoast.com\/wordpress\/plugins\/seo\/ -->\n<title>R\u00e9f\u00e9rences - B&amp;B Dance Agency<\/title>\n<meta name=\"description\" content=\"Ils nous ont fait confiance ... D\u00e9couvrez toutes les r\u00e9f\u00e9rences de B&amp;B Dance Agency, agence de conseil, de coaching et de casting.\" \/>\n<meta name=\"robots\" content=\"index, follow, max-snippet:-1, max-image-preview:large, max-video-preview:-1\" \/>\n<link rel=\"canonical\" href=\"https:\/\/www.bbdanceagency.com\/en\/references-old\/\" \/>\n<meta property=\"og:locale\" content=\"en_US\" \/>\n<meta property=\"og:type\" content=\"article\" \/>\n<meta property=\"og:title\" content=\"R\u00e9f\u00e9rences - B&amp;B Dance Agency\" \/>\n<meta property=\"og:description\" content=\"Ils nous ont fait confiance ... D\u00e9couvrez toutes les r\u00e9f\u00e9rences de B&amp;B Dance Agency, agence de conseil, de coaching et de casting.\" \/>\n<meta property=\"og:url\" content=\"https:\/\/www.bbdanceagency.com\/en\/references-old\/\" \/>\n<meta property=\"og:site_name\" content=\"B&amp;B\" \/>\n<meta property=\"article:modified_time\" content=\"2020-05-14T07:53:58+00:00\" \/>\n<meta property=\"og:image\" content=\"http:\/\/www.bbdanceagency.com\/wp-content\/uploads\/2014\/01\/ref01.jpg\" \/>\n<script type=\"application\/ld+json\" class=\"yoast-schema-graph\">{\"@context\":\"https:\/\/schema.org\",\"@graph\":[{\"@type\":\"WebPage\",\"@id\":\"https:\/\/www.bbdanceagency.com\/en\/references-old\/\",\"url\":\"https:\/\/www.bbdanceagency.com\/en\/references-old\/\",\"name\":\"R\u00e9f\u00e9rences - B&B Dance Agency\",\"isPartOf\":{\"@id\":\"https:\/\/www.bbdanceagency.com\/en\/#website\"},\"datePublished\":\"2014-01-20T15:25:11+00:00\",\"dateModified\":\"2020-05-14T07:53:58+00:00\",\"description\":\"Ils nous ont fait confiance ... D\u00e9couvrez toutes les r\u00e9f\u00e9rences de B&B Dance Agency, agence de conseil, de coaching et de casting.\",\"breadcrumb\":{\"@id\":\"https:\/\/www.bbdanceagency.com\/en\/references-old\/#breadcrumb\"},\"inLanguage\":\"en-US\",\"potentialAction\":[{\"@type\":\"ReadAction\",\"target\":[\"https:\/\/www.bbdanceagency.com\/en\/references-old\/\"]}]},{\"@type\":\"BreadcrumbList\",\"@id\":\"https:\/\/www.bbdanceagency.com\/en\/references-old\/#breadcrumb\",\"itemListElement\":[{\"@type\":\"ListItem\",\"position\":1,\"name\":\"Home\",\"item\":\"https:\/\/www.bbdanceagency.com\/en\/\"},{\"@type\":\"ListItem\",\"position\":2,\"name\":\"References\"}]},{\"@type\":\"WebSite\",\"@id\":\"https:\/\/www.bbdanceagency.com\/en\/#website\",\"url\":\"https:\/\/www.bbdanceagency.com\/en\/\",\"name\":\"B&amp;B\",\"description\":\"dance agency\",\"potentialAction\":[{\"@type\":\"SearchAction\",\"target\":{\"@type\":\"EntryPoint\",\"urlTemplate\":\"https:\/\/www.bbdanceagency.com\/en\/?s={search_term_string}\"},\"query-input\":\"required name=search_term_string\"}],\"inLanguage\":\"en-US\"}]}<\/script>\n<!-- \/ Yoast SEO plugin. -->","yoast_head_json":{"title":"R\u00e9f\u00e9rences - B&B Dance Agency","description":"Ils nous ont fait confiance ... D\u00e9couvrez toutes les r\u00e9f\u00e9rences de B&B Dance Agency, agence de conseil, de coaching et de casting.","robots":{"index":"index","follow":"follow","max-snippet":"max-snippet:-1","max-image-preview":"max-image-preview:large","max-video-preview":"max-video-preview:-1"},"canonical":"https:\/\/www.bbdanceagency.com\/en\/references-old\/","og_locale":"en_US","og_type":"article","og_title":"R\u00e9f\u00e9rences - B&B Dance Agency","og_description":"Ils nous ont fait confiance ... D\u00e9couvrez toutes les r\u00e9f\u00e9rences de B&B Dance Agency, agence de conseil, de coaching et de casting.","og_url":"https:\/\/www.bbdanceagency.com\/en\/references-old\/","og_site_name":"B&amp;B","article_modified_time":"2020-05-14T07:53:58+00:00","og_image":[{"url":"http:\/\/www.bbdanceagency.com\/wp-content\/uploads\/2014\/01\/ref01.jpg"}],"schema":{"@context":"https:\/\/schema.org","@graph":[{"@type":"WebPage","@id":"https:\/\/www.bbdanceagency.com\/en\/references-old\/","url":"https:\/\/www.bbdanceagency.com\/en\/references-old\/","name":"R\u00e9f\u00e9rences - B&B Dance Agency","isPartOf":{"@id":"https:\/\/www.bbdanceagency.com\/en\/#website"},"datePublished":"2014-01-20T15:25:11+00:00","dateModified":"2020-05-14T07:53:58+00:00","description":"Ils nous ont fait confiance ... D\u00e9couvrez toutes les r\u00e9f\u00e9rences de B&B Dance Agency, agence de conseil, de coaching et de casting.","breadcrumb":{"@id":"https:\/\/www.bbdanceagency.com\/en\/references-old\/#breadcrumb"},"inLanguage":"en-US","potentialAction":[{"@type":"ReadAction","target":["https:\/\/www.bbdanceagency.com\/en\/references-old\/"]}]},{"@type":"BreadcrumbList","@id":"https:\/\/www.bbdanceagency.com\/en\/references-old\/#breadcrumb","itemListElement":[{"@type":"ListItem","position":1,"name":"Home","item":"https:\/\/www.bbdanceagency.com\/en\/"},{"@type":"ListItem","position":2,"name":"References"}]},{"@type":"WebSite","@id":"https:\/\/www.bbdanceagency.com\/en\/#website","url":"https:\/\/www.bbdanceagency.com\/en\/","name":"B&amp;B","description":"dance agency","potentialAction":[{"@type":"SearchAction","target":{"@type":"EntryPoint","urlTemplate":"https:\/\/www.bbdanceagency.com\/en\/?s={search_term_string}"},"query-input":"required name=search_term_string"}],"inLanguage":"en-US"}]}},"_links":{"self":[{"href":"https:\/\/www.bbdanceagency.com\/en\/wp-json\/wp\/v2\/pages\/576"}],"collection":[{"href":"https:\/\/www.bbdanceagency.com\/en\/wp-json\/wp\/v2\/pages"}],"about":[{"href":"https:\/\/www.bbdanceagency.com\/en\/wp-json\/wp\/v2\/types\/page"}],"author":[{"embeddable":true,"href":"https:\/\/www.bbdanceagency.com\/en\/wp-json\/wp\/v2\/users\/2"}],"replies":[{"embeddable":true,"href":"https:\/\/www.bbdanceagency.com\/en\/wp-json\/wp\/v2\/comments?post=576"}],"version-history":[{"count":3,"href":"https:\/\/www.bbdanceagency.com\/en\/wp-json\/wp\/v2\/pages\/576\/revisions"}],"predecessor-version":[{"id":3359,"href":"https:\/\/www.bbdanceagency.com\/en\/wp-json\/wp\/v2\/pages\/576\/revisions\/3359"}],"wp:attachment":[{"href":"https:\/\/www.bbdanceagency.com\/en\/wp-json\/wp\/v2\/media?parent=576"}],"curies":[{"name":"wp","href":"https:\/\/api.w.org\/{rel}","templated":true}]}}